{"id":114,"date":"2022-07-08T11:52:03","date_gmt":"2022-07-08T09:52:03","guid":{"rendered":"http:\/\/81.169.250.167\/?page_id=114"},"modified":"2025-02-12T10:13:29","modified_gmt":"2025-02-12T09:13:29","slug":"jobs","status":"publish","type":"page","link":"https:\/\/leeser-fahrzeugtechnik.de\/index.php\/jobs\/","title":{"rendered":"Jobs"},"content":{"rendered":"\t\t<div data-elementor-type=\"wp-page\" data-elementor-id=\"114\" class=\"elementor elementor-114\">\n\t\t\t\t\t\t<section class=\"elementor-section elementor-top-section elementor-element elementor-element-da21076 elementor-section-boxed elementor-section-height-default elementor-section-height-default\" data-id=\"da21076\" data-element_type=\"section\" data-e-type=\"section\">\n\t\t\t\t\t\t<div class=\"elementor-container elementor-column-gap-default\">\n\t\t\t\t\t<div class=\"elementor-column elementor-col-100 elementor-top-column elementor-element elementor-element-430f2b9\" data-id=\"430f2b9\" data-element_type=\"column\" data-e-type=\"column\">\n\t\t\t<div class=\"elementor-widget-wrap elementor-element-populated\">\n\t\t\t\t\t\t<div class=\"elementor-element elementor-element-42e9dea elementor-widget elementor-widget-text-editor\" data-id=\"42e9dea\" data-element_type=\"widget\" data-e-type=\"widget\" data-widget_type=\"text-editor.default\">\n\t\t\t\t<div class=\"elementor-widget-container\">\n\t\t\t\t\t\t\t\t\t<h2>Azubi zum KFZ-Mechatroniker<\/h2><p>Sie haben Spass an Technik und an Autos? Sie haben vielleicht schon mal Kleinigkeiten geschraubt, oder gar Ihr Fahrrad oder Mofa selber repariert? Sie suchen eine Ausbildungsstelle zum KFZ-Mechatroniker\/in?\u00a0<\/p><p>Bewerben Sie sich jetzt bei uns!<\/p><p><a href=\"mailto:bewerbung@leeser-fahrzeugtechnik.de\"><img decoding=\"async\" src=\"data:image\/png;base64,iVBORw0KGgoAAAANSUhEUgAAAPQAAAA0CAYAAAC9xxVKAAAKvElEQVR4Xu1daWxVRRQ+LWUpZS0UUCApgo0QQRHcQMEE3IIKUUESFOICqBAViQqBQCAQF4IgAZElGlASBDWAEkXhh0AVF0TRgKkgNYhAW8tOWUrxnMubejrMvXdu332v772eSd6Pd9\/cM2e+Od+cZW570y5iA2mCgCCQEgikCaFTYh1lEoKAg4AnoQsKi2HTtj2we18x7Np7GEqOnBLYBAFBIIYItGyeBV06tobOHXKg3y2dIC83J9BoroRetnY7zFm+JZAw6SwICALhIjBu+O0wYmAPa6FGQo+ZsQbydxQ6Qs71vRou5LWCivbZUJHd0FqwdBQEBIHgCKSXnob0\/aWQUVAEdb\/+wxHQu3suLJg8yErYZYSu9MzpaVA2sjeUd21rJUg6CQKCQLgIZOw8AJlL8wEqLoKtp65CaMqZh4xf4WhVNuo2KO8mZA53iUSaIBAMgYxfkdSLtjo3rZo9zDenrkLohSu\/hUWrv4PzGGafGXxDsJGltyAgCMQEgfqrf4J6GH6PHnwzPDP0Vs8xqhD6uVfXweYf\/7wUal\/XLibKiVBBQBAIhkDGL39D5pJ86NPzKpg38QF7Qvd\/aolzNHVq+v1SAAuGufQWBGKGABXKsqZ8CnSktXHpSHtCX\/\/QXKfzifmPxEw5ESwICALBEWg89kPnpp8\/fiF2hN57xRXBNQvpjo4HD4YkScQIAomPgBA68ddINBQErBGoEUL\/feECFOMn7JZTpw60ww9v4qHDRlnkJTICNUJoAmTa8eOw\/FR4z3wPz8qCqU2aXIa1EDqRzU90CxuBuBL6H\/TKVzIPOuXYMVhx+nTUcxrWsCFMb9q0Ug4fRwgdNbwiIIkQiCuhfzh3Dr7Hz5hGjSohmoSkXhkFqYcimWcyMr998iTcWK+e86EmhE4iaxRVo0Yg7oQe+u+\/8FLjxvA0I\/UEJPXqapB6MJL5NUbmRUjmN06cgJUtWlgTelHz5tC\/QQMjkIXl5dCvuLjyN5tq\/cYzZ5z+bjL1gYL2\/wLl3+Oiry5b15\/\/7jVv6ncIo6ltuPmOP3q0ithNOTmQm5HhaXhq3PUtW8I1des6fefj2szBteFtQGYmzGvWzLl0tKICehw+fJncj1BG94gMsh1yCkF0IIFe\/Wmev50\/D9MxBTzA6jrxwId04+OYMNL193NQNUJoUnIC5rsjMe9V7SU0nE\/Kyqx3qAfRGGZFjIFuWor5+Ku4KNSE0JdgjIbQaiF2oLE\/XFJSuS5ByEQ1DaptUNPl6MZM3xVhuRH81qYNZKalORtM76Ii56cgOtj2J\/lDcMNQpPYjdBj46BiU4T8FegWd23qNB3y+CUtomswkXPAnGKlfRFKvtSD1QCTzm4zM7yGZZ0TIHJTQFJp3iXgAtUhTIsU1Lw9NO7qp7UICUOMy70d9lZchw\/6UzdHUn8ulaIYMmtrveO+oI0eqeP9uqPsglE+NjHIxKzSWoNfTjUPJ5gar69S\/fn3ohR\/VnsN1UXK4ca3BeeyMzJfrrMZti\/WSza1aOT+RsV576FAVyPLxtzaspkLyeEQwDuc+NhLJ8d+C6KATmutM2N2B82yWnu7oxTedeOCjE1qtId9YdP0TmtCkLJFnBCP182g8n3mQ+j403rcYmalSThVz3oJ4aBMpVWjtRWg\/YLlcbhwUYo9GUtq097OzK4mlexB1P2HntgF5jeGnEx+b68zJRJvaMp+TCrf+tJHSOvHGvTBd5+G226YSjQ40Bt906Lta13jhY4oEvKIiP7ursZCbL+Q0zIMfxXxYtbFo8J9HclHe717MHedjzqvaB5h3T8UQRW+pQGgerrqFYjTveBCa53ZBCT0bN18VQXxz9iw8VlrqLBe\/Tvmz8pJ9MKxWYa8Kt\/X8OqgOfv1NvwchdDT4uIX2bhFJUhCaFngDFls6sWLLM0jqLxmp70IyL2Rk3oMFq7tZwSreHtoUcruFuH7GoW9IVCx6HTc5FWqbopAwPbRXyO1FJreQm3tt7om5LBVu07V1GJGpXFvNlRfM+EZA87YJubkOfoTe3rp15Yai8njbkDtafPg4FKHwFERFH0mTQyuj1D20uk754iYkdT8k82JG5kTw0KZw1q0IFYTQFAKuwlBULaxuzPq4YXho01zoGkUGs7Ay7UYOt\/t0L8JzZQqdi9BwVbhN86NTDpVrU51gABbheMjPw22d0DY6eIX9r2DKp+obnJw2RbEw8NFtowWuv9KH5JPTWo6plzpZSHgPzUNLWhw6p74pcoZM33\/E7z3Zd\/13MjbdW8Yj5I4VoflRj1eVOkwP7UYKRWpeebWpMOtGx8NrysdPoqGqMFyRlc+bwu51eFxFYbjpOCuoDjb9aa48H7chdBj4mDZ7vgGS1z6DeCUFoSfj7vi4ocrNDYAbG1XAqRKuV7nfRVLPrGaV22TMNVUU44urdmd+NmrSNQwPbSrU8Y2Wk8ovfDXpyMNuMlBqFIFwuXw80ked45uOu4Lq4Edok6f1i6rCwsc0DkVplIKqlItjmrAeeiKS+SmPc+i5WEyh4x7V6A86+kbOIemafg69BEn9WjXOoWlh6AxbEYfnbvGscnNi0vz0MNPNi8aK0DQef5BGGVJQMim99SMqus7TCb3arO4zPWwRVAdTzp2N3v9JtD8iDRH6cSzW0UMrqvkROix83MbR6yhKr4Qk9Mt4vjja4kmxPCyS3Yn581e4YxdgEUxv+pNi7+DTSJTz2YbcCjSSuwHHoE3jYdxEVP6qey5u4G7n0KbCmJ9xkAd7D\/MktSPrRSo+bzq35oYXBqH18XLRQ1Dao57y4mfINgUp0lc\/zuI5sZqPvmnppDedXdO9QXVw2wB4JKhv3l5FsTDx8bINPR2luSccockYn43hs9wLkNRkjDbPcpuMTBmbKeS1efTTlPf6Edo2XyPd9E0mDEK7eX91nVfZ\/cJXN0\/CIx\/qY8qN9VTLFG7rhPbS3Saq0DcH9WBLkDWJBh8\/29BtNKEInYh\/bUVPI9GTUdwb\/Y7RwPNYYdfz19pEaNrQ\/kIcVmHdImiV282T8OMhU\/Vef9jE5tnmaAnNoyN+3u9H6LDw8SO0voElFKE5+PL30H5+UX4XBIIjENcnxZR68h9Lgi+U3CEI2CBQI4S2USysPn4hSljjiBxBIBEQEEInwiqIDoJASAjEhdAh6SpiBAFBwAcBIbSYiCCQQggIoVNoMWUqgoAQWmxAEEghBKpFaHlZXQpZgEwlZRCo9svq5HWyKWMDMpEUQqDar5NVL3w\/hy98PysvfE8hk5CpJDMCDfCF73Wr88L3gsJiGDJ+hTP3stG3QXnXtsmMg+guCCQ9Ahk7D0Dm4q3OPFbNHgZ5uTmec0q7iI33WLZ2O8xZvgWgTjqUPdkLyrsJqZPeKmQCSYlAxq9I5qX5ABcuwrjht8OIgT1853EZoemOMTPWQP6OQufm8xh+l+e1gor22VCR\/f9\/8PSVLB0EAUEgMAJUAEvfXwp1CoqgHobZ1Hp3z4UFkwdZyTISmu6s9NRWYqSTICAIxAIBW8+sxnYlNHWgnHrTtj2we18x7Np7GEqOhPea2FhMXmQKAsmOQMvmWdClY2vo3CEH+t3SyTdn1ufrSehkB0f0FwRqGwJC6Nq24jLflEZACJ3SyyuTq20ICKFr24rLfFMaASF0Si+vTK62ISCErm0rLvNNaQT+AxWIOuwGq0PeAAAAAElFTkSuQmCC\" alt=\"\" \/><\/a><\/p>\t\t\t\t\t\t\t\t<\/div>\n\t\t\t\t<\/div>\n\t\t\t\t<div class=\"elementor-element elementor-element-31142ee elementor-widget-divider--view-line elementor-widget elementor-widget-divider\" data-id=\"31142ee\" data-element_type=\"widget\" data-e-type=\"widget\" data-widget_type=\"divider.default\">\n\t\t\t\t<div class=\"elementor-widget-container\">\n\t\t\t\t\t\t\t<div class=\"elementor-divider\">\n\t\t\t<span class=\"elementor-divider-separator\">\n\t\t\t\t\t\t<\/span>\n\t\t<\/div>\n\t\t\t\t\t\t<\/div>\n\t\t\t\t<\/div>\n\t\t\t\t\t<\/div>\n\t\t<\/div>\n\t\t\t\t\t<\/div>\n\t\t<\/section>\n\t\t\t\t<section class=\"elementor-section elementor-top-section elementor-element elementor-element-bba46a7 elementor-section-boxed elementor-section-height-default elementor-section-height-default\" data-id=\"bba46a7\" data-element_type=\"section\" data-e-type=\"section\">\n\t\t\t\t\t\t<div class=\"elementor-container elementor-column-gap-default\">\n\t\t\t\t\t<div class=\"elementor-column elementor-col-100 elementor-top-column elementor-element elementor-element-bff06c7\" data-id=\"bff06c7\" data-element_type=\"column\" data-e-type=\"column\">\n\t\t\t<div class=\"elementor-widget-wrap elementor-element-populated\">\n\t\t\t\t\t\t<div class=\"elementor-element elementor-element-4ba7f84 elementor-widget elementor-widget-text-editor\" data-id=\"4ba7f84\" data-element_type=\"widget\" data-e-type=\"widget\" data-widget_type=\"text-editor.default\">\n\t\t\t\t<div class=\"elementor-widget-container\">\n\t\t\t\t\t\t\t\t\t<h2>KFZ-Mechatroniker<\/h2><p><span style=\"text-decoration: underline;\">Ihre Aufgaben:<\/span><\/p><ul><li>Fachgerechte Wartung, Montage und Reparatur von Fahrzeugbaugruppen und Fahrzeugteilen<\/li><li>Lesen und anwenden von Montage-,Vernetzungs- und Schaltpl\u00e4nen<\/li><li>Fehlerdiagnose und Reparatur<\/li><li>Messen und pr\u00fcfen von mechatronischen Baugruppen<\/li><li>Durchf\u00fchren von Untersuchungen<\/li><\/ul><p><span style=\"text-decoration: underline;\">Ihr Profil:<\/span><\/p><ul><li>Abgeschlossene Ausbildung zum KFZ-Mechatroniker\/KFZ-Mechaniker (m,w,d)<\/li><li>Sie haben Freude an Teamarbeit<\/li><li>Sie sind zuverl\u00e4ssig und arbeiten pr\u00e4zise<\/li><li>Bereitschaft zur Weiterbildung<\/li><\/ul><p><span style=\"text-decoration: underline;\">Wir bieten:<\/span><\/p><ul><li>einen sicheren und modernen Arbeitsplatz mit einem unbefristeten Arbeitsvertrag<\/li><li>faire und p\u00fcnktliche Bezahlung<\/li><li>gute Verkehrsanbindung sowie gute Parkm\u00f6glichkeiten<\/li><li>Unterst\u00fctzung und F\u00f6rderung von fachlichen und pers\u00f6nlichen Weiterbildungen<\/li><\/ul><p>Bewerben Sie sich jetzt:<\/p><p><a href=\"mailto:bewerbung@leeser-fahrzeugtechnik.de\"><img decoding=\"async\" src=\"data:image\/png;base64,iVBORw0KGgoAAAANSUhEUgAAAPQAAAA0CAYAAAC9xxVKAAAKvElEQVR4Xu1daWxVRRQ+LWUpZS0UUCApgo0QQRHcQMEE3IIKUUESFOICqBAViQqBQCAQF4IgAZElGlASBDWAEkXhh0AVF0TRgKkgNYhAW8tOWUrxnMubejrMvXdu332v772eSd6Pd9\/cM2e+Od+cZW570y5iA2mCgCCQEgikCaFTYh1lEoKAg4AnoQsKi2HTtj2we18x7Np7GEqOnBLYBAFBIIYItGyeBV06tobOHXKg3y2dIC83J9BoroRetnY7zFm+JZAw6SwICALhIjBu+O0wYmAPa6FGQo+ZsQbydxQ6Qs71vRou5LWCivbZUJHd0FqwdBQEBIHgCKSXnob0\/aWQUVAEdb\/+wxHQu3suLJg8yErYZYSu9MzpaVA2sjeUd21rJUg6CQKCQLgIZOw8AJlL8wEqLoKtp65CaMqZh4xf4WhVNuo2KO8mZA53iUSaIBAMgYxfkdSLtjo3rZo9zDenrkLohSu\/hUWrv4PzGGafGXxDsJGltyAgCMQEgfqrf4J6GH6PHnwzPDP0Vs8xqhD6uVfXweYf\/7wUal\/XLibKiVBBQBAIhkDGL39D5pJ86NPzKpg38QF7Qvd\/aolzNHVq+v1SAAuGufQWBGKGABXKsqZ8CnSktXHpSHtCX\/\/QXKfzifmPxEw5ESwICALBEWg89kPnpp8\/fiF2hN57xRXBNQvpjo4HD4YkScQIAomPgBA68ddINBQErBGoEUL\/feECFOMn7JZTpw60ww9v4qHDRlnkJTICNUJoAmTa8eOw\/FR4z3wPz8qCqU2aXIa1EDqRzU90CxuBuBL6H\/TKVzIPOuXYMVhx+nTUcxrWsCFMb9q0Ug4fRwgdNbwiIIkQiCuhfzh3Dr7Hz5hGjSohmoSkXhkFqYcimWcyMr998iTcWK+e86EmhE4iaxRVo0Yg7oQe+u+\/8FLjxvA0I\/UEJPXqapB6MJL5NUbmRUjmN06cgJUtWlgTelHz5tC\/QQMjkIXl5dCvuLjyN5tq\/cYzZ5z+bjL1gYL2\/wLl3+Oiry5b15\/\/7jVv6ncIo6ltuPmOP3q0ithNOTmQm5HhaXhq3PUtW8I1des6fefj2szBteFtQGYmzGvWzLl0tKICehw+fJncj1BG94gMsh1yCkF0IIFe\/Wmev50\/D9MxBTzA6jrxwId04+OYMNL193NQNUJoUnIC5rsjMe9V7SU0nE\/Kyqx3qAfRGGZFjIFuWor5+Ku4KNSE0JdgjIbQaiF2oLE\/XFJSuS5ByEQ1DaptUNPl6MZM3xVhuRH81qYNZKalORtM76Ii56cgOtj2J\/lDcMNQpPYjdBj46BiU4T8FegWd23qNB3y+CUtomswkXPAnGKlfRFKvtSD1QCTzm4zM7yGZZ0TIHJTQFJp3iXgAtUhTIsU1Lw9NO7qp7UICUOMy70d9lZchw\/6UzdHUn8ulaIYMmtrveO+oI0eqeP9uqPsglE+NjHIxKzSWoNfTjUPJ5gar69S\/fn3ohR\/VnsN1UXK4ca3BeeyMzJfrrMZti\/WSza1aOT+RsV576FAVyPLxtzaspkLyeEQwDuc+NhLJ8d+C6KATmutM2N2B82yWnu7oxTedeOCjE1qtId9YdP0TmtCkLJFnBCP182g8n3mQ+j403rcYmalSThVz3oJ4aBMpVWjtRWg\/YLlcbhwUYo9GUtq097OzK4mlexB1P2HntgF5jeGnEx+b68zJRJvaMp+TCrf+tJHSOvHGvTBd5+G226YSjQ40Bt906Lta13jhY4oEvKIiP7ursZCbL+Q0zIMfxXxYtbFo8J9HclHe717MHedjzqvaB5h3T8UQRW+pQGgerrqFYjTveBCa53ZBCT0bN18VQXxz9iw8VlrqLBe\/Tvmz8pJ9MKxWYa8Kt\/X8OqgOfv1NvwchdDT4uIX2bhFJUhCaFngDFls6sWLLM0jqLxmp70IyL2Rk3oMFq7tZwSreHtoUcruFuH7GoW9IVCx6HTc5FWqbopAwPbRXyO1FJreQm3tt7om5LBVu07V1GJGpXFvNlRfM+EZA87YJubkOfoTe3rp15Yai8njbkDtafPg4FKHwFERFH0mTQyuj1D20uk754iYkdT8k82JG5kTw0KZw1q0IFYTQFAKuwlBULaxuzPq4YXho01zoGkUGs7Ay7UYOt\/t0L8JzZQqdi9BwVbhN86NTDpVrU51gABbheMjPw22d0DY6eIX9r2DKp+obnJw2RbEw8NFtowWuv9KH5JPTWo6plzpZSHgPzUNLWhw6p74pcoZM33\/E7z3Zd\/13MjbdW8Yj5I4VoflRj1eVOkwP7UYKRWpeebWpMOtGx8NrysdPoqGqMFyRlc+bwu51eFxFYbjpOCuoDjb9aa48H7chdBj4mDZ7vgGS1z6DeCUFoSfj7vi4ocrNDYAbG1XAqRKuV7nfRVLPrGaV22TMNVUU44urdmd+NmrSNQwPbSrU8Y2Wk8ovfDXpyMNuMlBqFIFwuXw80ked45uOu4Lq4Edok6f1i6rCwsc0DkVplIKqlItjmrAeeiKS+SmPc+i5WEyh4x7V6A86+kbOIemafg69BEn9WjXOoWlh6AxbEYfnbvGscnNi0vz0MNPNi8aK0DQef5BGGVJQMim99SMqus7TCb3arO4zPWwRVAdTzp2N3v9JtD8iDRH6cSzW0UMrqvkROix83MbR6yhKr4Qk9Mt4vjja4kmxPCyS3Yn581e4YxdgEUxv+pNi7+DTSJTz2YbcCjSSuwHHoE3jYdxEVP6qey5u4G7n0KbCmJ9xkAd7D\/MktSPrRSo+bzq35oYXBqH18XLRQ1Dao57y4mfINgUp0lc\/zuI5sZqPvmnppDedXdO9QXVw2wB4JKhv3l5FsTDx8bINPR2luSccockYn43hs9wLkNRkjDbPcpuMTBmbKeS1efTTlPf6Edo2XyPd9E0mDEK7eX91nVfZ\/cJXN0\/CIx\/qY8qN9VTLFG7rhPbS3Saq0DcH9WBLkDWJBh8\/29BtNKEInYh\/bUVPI9GTUdwb\/Y7RwPNYYdfz19pEaNrQ\/kIcVmHdImiV282T8OMhU\/Vef9jE5tnmaAnNoyN+3u9H6LDw8SO0voElFKE5+PL30H5+UX4XBIIjENcnxZR68h9Lgi+U3CEI2CBQI4S2USysPn4hSljjiBxBIBEQEEInwiqIDoJASAjEhdAh6SpiBAFBwAcBIbSYiCCQQggIoVNoMWUqgoAQWmxAEEghBKpFaHlZXQpZgEwlZRCo9svq5HWyKWMDMpEUQqDar5NVL3w\/hy98PysvfE8hk5CpJDMCDfCF73Wr88L3gsJiGDJ+hTP3stG3QXnXtsmMg+guCCQ9Ahk7D0Dm4q3OPFbNHgZ5uTmec0q7iI33WLZ2O8xZvgWgTjqUPdkLyrsJqZPeKmQCSYlAxq9I5qX5ABcuwrjht8OIgT1853EZoemOMTPWQP6OQufm8xh+l+e1gor22VCR\/f9\/8PSVLB0EAUEgMAJUAEvfXwp1CoqgHobZ1Hp3z4UFkwdZyTISmu6s9NRWYqSTICAIxAIBW8+sxnYlNHWgnHrTtj2we18x7Np7GEqOhPea2FhMXmQKAsmOQMvmWdClY2vo3CEH+t3SyTdn1ufrSehkB0f0FwRqGwJC6Nq24jLflEZACJ3SyyuTq20ICKFr24rLfFMaASF0Si+vTK62ISCErm0rLvNNaQT+AxWIOuwGq0PeAAAAAElFTkSuQmCC\" alt=\"\" \/><\/a><\/p>\t\t\t\t\t\t\t\t<\/div>\n\t\t\t\t<\/div>\n\t\t\t\t\t<\/div>\n\t\t<\/div>\n\t\t\t\t\t<\/div>\n\t\t<\/section>\n\t\t\t\t<\/div>\n\t\t","protected":false},"excerpt":{"rendered":"<p>Azubi zum KFZ-Mechatroniker Sie haben Spass an Technik und an Autos? Sie haben vielleicht schon mal Kleinigkeiten geschraubt, oder gar Ihr Fahrrad oder Mofa selber repariert? Sie suchen eine Ausbildungsstelle zum KFZ-Mechatroniker\/in?\u00a0 Bewerben Sie sich jetzt bei uns! KFZ-Mechatroniker Ihre Aufgaben: Fachgerechte Wartung, Montage und Reparatur von Fahrzeugbaugruppen und Fahrzeugteilen Lesen und anwenden von Montage-,Vernetzungs- &hellip; <\/p>\n<p class=\"link-more\"><a href=\"https:\/\/leeser-fahrzeugtechnik.de\/index.php\/jobs\/\" class=\"more-link\">Mehr <span class=\"screen-reader-text\">\u00fcber &#8222;Jobs&#8220; <\/span>Lesen<\/a><\/p>\n","protected":false},"author":1,"featured_media":0,"parent":0,"menu_order":0,"comment_status":"closed","ping_status":"closed","template":"","meta":{"inspiro_hide_title":false,"footnotes":""},"class_list":["post-114","page","type-page","status-publish","hentry"],"yoast_head":"<!-- This site is optimized with the Yoast SEO plugin v27.2 - https:\/\/yoast.com\/product\/yoast-seo-wordpress\/ -->\n<title>Jobs - R. Leeser Fahrzeugtechnik<\/title>\n<meta name=\"robots\" content=\"index, follow, max-snippet:-1, max-image-preview:large, max-video-preview:-1\" \/>\n<link rel=\"canonical\" href=\"https:\/\/leeser-fahrzeugtechnik.de\/index.php\/jobs\/\" \/>\n<meta property=\"og:locale\" content=\"de_DE\" \/>\n<meta property=\"og:type\" content=\"article\" \/>\n<meta property=\"og:title\" content=\"Jobs - R. Leeser Fahrzeugtechnik\" \/>\n<meta property=\"og:description\" content=\"Azubi zum KFZ-Mechatroniker Sie haben Spass an Technik und an Autos? Sie haben vielleicht schon mal Kleinigkeiten geschraubt, oder gar Ihr Fahrrad oder Mofa selber repariert? Sie suchen eine Ausbildungsstelle zum KFZ-Mechatroniker\/in?\u00a0 Bewerben Sie sich jetzt bei uns! KFZ-Mechatroniker Ihre Aufgaben: Fachgerechte Wartung, Montage und Reparatur von Fahrzeugbaugruppen und Fahrzeugteilen Lesen und anwenden von Montage-,Vernetzungs- &hellip; Mehr \u00fcber &quot;Jobs&quot; Lesen\" \/>\n<meta property=\"og:url\" content=\"https:\/\/leeser-fahrzeugtechnik.de\/index.php\/jobs\/\" \/>\n<meta property=\"og:site_name\" content=\"R. Leeser Fahrzeugtechnik\" \/>\n<meta property=\"article:modified_time\" content=\"2025-02-12T09:13:29+00:00\" \/>\n<meta name=\"twitter:card\" content=\"summary_large_image\" \/>\n<meta name=\"twitter:label1\" content=\"Gesch\u00e4tzte Lesezeit\" \/>\n\t<meta name=\"twitter:data1\" content=\"2\u00a0Minuten\" \/>\n<script type=\"application\/ld+json\" class=\"yoast-schema-graph\">{\"@context\":\"https:\/\/schema.org\",\"@graph\":[{\"@type\":\"WebPage\",\"@id\":\"https:\/\/leeser-fahrzeugtechnik.de\/index.php\/jobs\/\",\"url\":\"https:\/\/leeser-fahrzeugtechnik.de\/index.php\/jobs\/\",\"name\":\"Jobs - R. Leeser Fahrzeugtechnik\",\"isPartOf\":{\"@id\":\"https:\/\/leeser-fahrzeugtechnik.de\/#website\"},\"datePublished\":\"2022-07-08T09:52:03+00:00\",\"dateModified\":\"2025-02-12T09:13:29+00:00\",\"breadcrumb\":{\"@id\":\"https:\/\/leeser-fahrzeugtechnik.de\/index.php\/jobs\/#breadcrumb\"},\"inLanguage\":\"de\",\"potentialAction\":[{\"@type\":\"ReadAction\",\"target\":[\"https:\/\/leeser-fahrzeugtechnik.de\/index.php\/jobs\/\"]}]},{\"@type\":\"BreadcrumbList\",\"@id\":\"https:\/\/leeser-fahrzeugtechnik.de\/index.php\/jobs\/#breadcrumb\",\"itemListElement\":[{\"@type\":\"ListItem\",\"position\":1,\"name\":\"Startseite\",\"item\":\"https:\/\/leeser-fahrzeugtechnik.de\/\"},{\"@type\":\"ListItem\",\"position\":2,\"name\":\"Jobs\"}]},{\"@type\":\"WebSite\",\"@id\":\"https:\/\/leeser-fahrzeugtechnik.de\/#website\",\"url\":\"https:\/\/leeser-fahrzeugtechnik.de\/\",\"name\":\"R. Leeser Fahrzeugtechnik\",\"description\":\"Wilkommen bei Leeser Fahrzeugtechnik hier dreht sich alles um die Reparatur und Instandhaltung Ihres Fahrzeuges. Leeser und es l\u00e4uft!\",\"publisher\":{\"@id\":\"https:\/\/leeser-fahrzeugtechnik.de\/#organization\"},\"potentialAction\":[{\"@type\":\"SearchAction\",\"target\":{\"@type\":\"EntryPoint\",\"urlTemplate\":\"https:\/\/leeser-fahrzeugtechnik.de\/?s={search_term_string}\"},\"query-input\":{\"@type\":\"PropertyValueSpecification\",\"valueRequired\":true,\"valueName\":\"search_term_string\"}}],\"inLanguage\":\"de\"},{\"@type\":\"Organization\",\"@id\":\"https:\/\/leeser-fahrzeugtechnik.de\/#organization\",\"name\":\"R. Leeser Fahrzeugtechnik\",\"url\":\"https:\/\/leeser-fahrzeugtechnik.de\/\",\"logo\":{\"@type\":\"ImageObject\",\"inLanguage\":\"de\",\"@id\":\"https:\/\/leeser-fahrzeugtechnik.de\/#\/schema\/logo\/image\/\",\"url\":\"https:\/\/leeser-fahrzeugtechnik.de\/wp-content\/uploads\/2022\/09\/logo_leeser-transparent-5.png\",\"contentUrl\":\"https:\/\/leeser-fahrzeugtechnik.de\/wp-content\/uploads\/2022\/09\/logo_leeser-transparent-5.png\",\"width\":142,\"height\":52,\"caption\":\"R. Leeser Fahrzeugtechnik\"},\"image\":{\"@id\":\"https:\/\/leeser-fahrzeugtechnik.de\/#\/schema\/logo\/image\/\"}}]}<\/script>\n<!-- \/ Yoast SEO plugin. -->","yoast_head_json":{"title":"Jobs - R. Leeser Fahrzeugtechnik","robots":{"index":"index","follow":"follow","max-snippet":"max-snippet:-1","max-image-preview":"max-image-preview:large","max-video-preview":"max-video-preview:-1"},"canonical":"https:\/\/leeser-fahrzeugtechnik.de\/index.php\/jobs\/","og_locale":"de_DE","og_type":"article","og_title":"Jobs - R. Leeser Fahrzeugtechnik","og_description":"Azubi zum KFZ-Mechatroniker Sie haben Spass an Technik und an Autos? Sie haben vielleicht schon mal Kleinigkeiten geschraubt, oder gar Ihr Fahrrad oder Mofa selber repariert? Sie suchen eine Ausbildungsstelle zum KFZ-Mechatroniker\/in?\u00a0 Bewerben Sie sich jetzt bei uns! KFZ-Mechatroniker Ihre Aufgaben: Fachgerechte Wartung, Montage und Reparatur von Fahrzeugbaugruppen und Fahrzeugteilen Lesen und anwenden von Montage-,Vernetzungs- &hellip; Mehr \u00fcber \"Jobs\" Lesen","og_url":"https:\/\/leeser-fahrzeugtechnik.de\/index.php\/jobs\/","og_site_name":"R. Leeser Fahrzeugtechnik","article_modified_time":"2025-02-12T09:13:29+00:00","twitter_card":"summary_large_image","twitter_misc":{"Gesch\u00e4tzte Lesezeit":"2\u00a0Minuten"},"schema":{"@context":"https:\/\/schema.org","@graph":[{"@type":"WebPage","@id":"https:\/\/leeser-fahrzeugtechnik.de\/index.php\/jobs\/","url":"https:\/\/leeser-fahrzeugtechnik.de\/index.php\/jobs\/","name":"Jobs - R. Leeser Fahrzeugtechnik","isPartOf":{"@id":"https:\/\/leeser-fahrzeugtechnik.de\/#website"},"datePublished":"2022-07-08T09:52:03+00:00","dateModified":"2025-02-12T09:13:29+00:00","breadcrumb":{"@id":"https:\/\/leeser-fahrzeugtechnik.de\/index.php\/jobs\/#breadcrumb"},"inLanguage":"de","potentialAction":[{"@type":"ReadAction","target":["https:\/\/leeser-fahrzeugtechnik.de\/index.php\/jobs\/"]}]},{"@type":"BreadcrumbList","@id":"https:\/\/leeser-fahrzeugtechnik.de\/index.php\/jobs\/#breadcrumb","itemListElement":[{"@type":"ListItem","position":1,"name":"Startseite","item":"https:\/\/leeser-fahrzeugtechnik.de\/"},{"@type":"ListItem","position":2,"name":"Jobs"}]},{"@type":"WebSite","@id":"https:\/\/leeser-fahrzeugtechnik.de\/#website","url":"https:\/\/leeser-fahrzeugtechnik.de\/","name":"R. Leeser Fahrzeugtechnik","description":"Wilkommen bei Leeser Fahrzeugtechnik hier dreht sich alles um die Reparatur und Instandhaltung Ihres Fahrzeuges. Leeser und es l\u00e4uft!","publisher":{"@id":"https:\/\/leeser-fahrzeugtechnik.de\/#organization"},"potentialAction":[{"@type":"SearchAction","target":{"@type":"EntryPoint","urlTemplate":"https:\/\/leeser-fahrzeugtechnik.de\/?s={search_term_string}"},"query-input":{"@type":"PropertyValueSpecification","valueRequired":true,"valueName":"search_term_string"}}],"inLanguage":"de"},{"@type":"Organization","@id":"https:\/\/leeser-fahrzeugtechnik.de\/#organization","name":"R. Leeser Fahrzeugtechnik","url":"https:\/\/leeser-fahrzeugtechnik.de\/","logo":{"@type":"ImageObject","inLanguage":"de","@id":"https:\/\/leeser-fahrzeugtechnik.de\/#\/schema\/logo\/image\/","url":"https:\/\/leeser-fahrzeugtechnik.de\/wp-content\/uploads\/2022\/09\/logo_leeser-transparent-5.png","contentUrl":"https:\/\/leeser-fahrzeugtechnik.de\/wp-content\/uploads\/2022\/09\/logo_leeser-transparent-5.png","width":142,"height":52,"caption":"R. Leeser Fahrzeugtechnik"},"image":{"@id":"https:\/\/leeser-fahrzeugtechnik.de\/#\/schema\/logo\/image\/"}}]}},"_links":{"self":[{"href":"https:\/\/leeser-fahrzeugtechnik.de\/index.php\/wp-json\/wp\/v2\/pages\/114","targetHints":{"allow":["GET"]}}],"collection":[{"href":"https:\/\/leeser-fahrzeugtechnik.de\/index.php\/wp-json\/wp\/v2\/pages"}],"about":[{"href":"https:\/\/leeser-fahrzeugtechnik.de\/index.php\/wp-json\/wp\/v2\/types\/page"}],"author":[{"embeddable":true,"href":"https:\/\/leeser-fahrzeugtechnik.de\/index.php\/wp-json\/wp\/v2\/users\/1"}],"replies":[{"embeddable":true,"href":"https:\/\/leeser-fahrzeugtechnik.de\/index.php\/wp-json\/wp\/v2\/comments?post=114"}],"version-history":[{"count":103,"href":"https:\/\/leeser-fahrzeugtechnik.de\/index.php\/wp-json\/wp\/v2\/pages\/114\/revisions"}],"predecessor-version":[{"id":1303,"href":"https:\/\/leeser-fahrzeugtechnik.de\/index.php\/wp-json\/wp\/v2\/pages\/114\/revisions\/1303"}],"wp:attachment":[{"href":"https:\/\/leeser-fahrzeugtechnik.de\/index.php\/wp-json\/wp\/v2\/media?parent=114"}],"curies":[{"name":"wp","href":"https:\/\/api.w.org\/{rel}","templated":true}]}}