{"id":3,"date":"2022-06-23T20:19:59","date_gmt":"2022-06-23T18:19:59","guid":{"rendered":"http:\/\/81.169.250.167\/?page_id=3"},"modified":"2022-09-27T19:54:27","modified_gmt":"2022-09-27T17:54:27","slug":"datenschutzerklaerung","status":"publish","type":"page","link":"https:\/\/leeser-fahrzeugtechnik.de\/index.php\/datenschutzerklaerung\/","title":{"rendered":"Datenschutzerkl\u00e4rung"},"content":{"rendered":"\t\t<div data-elementor-type=\"wp-page\" data-elementor-id=\"3\" class=\"elementor elementor-3\">\n\t\t\t\t\t\t<section class=\"elementor-section elementor-top-section elementor-element elementor-element-3d5eb0d3 elementor-section-boxed elementor-section-height-default elementor-section-height-default\" data-id=\"3d5eb0d3\" data-element_type=\"section\" data-e-type=\"section\">\n\t\t\t\t\t\t<div class=\"elementor-container elementor-column-gap-default\">\n\t\t\t\t\t<div class=\"elementor-column elementor-col-100 elementor-top-column elementor-element elementor-element-620980d0\" data-id=\"620980d0\" data-element_type=\"column\" data-e-type=\"column\">\n\t\t\t<div class=\"elementor-widget-wrap elementor-element-populated\">\n\t\t\t\t\t\t<div class=\"elementor-element elementor-element-528acef7 elementor-widget elementor-widget-text-editor\" data-id=\"528acef7\" data-element_type=\"widget\" data-e-type=\"widget\" data-widget_type=\"text-editor.default\">\n\t\t\t\t<div class=\"elementor-widget-container\">\n\t\t\t\t\t\t\t\t\t<p><\/p>\n<p>Wir erheben, verarbeiten und nutzen Ihre Daten nur im Rahmen der gesetzlichen Bestimmungen.<\/p>\n<p>Diese Datenschutzerkl\u00e4rung gilt<br \/>ausschlie\u00dflich f\u00fcr die Nutzung der von uns angebotenen Webseiten.<br \/>Sie gilt nicht f\u00fcr die Webseiten anderer Dienstanbieter, auf die wir<br \/>lediglich durch einen Link verweisen.<\/p>\n<p>Bei der Nutzung unserer Webseiten<br \/>bleiben Sie anonym, solange Sie uns nicht von sich aus freiwillig<br \/>personenbezogene Daten zur Verf\u00fcgung stellen. Personenbezogene Daten<br \/>werden nur dann erhoben, wenn dies f\u00fcr die Nutzung der auf der<br \/>Webseite angebotenen Leistungen, insbesondere Formularangebote,<br \/>erforderlich ist.<\/p>\n<p>Wir werden die von Ihnen zur<br \/>Verf\u00fcgung gestellten Daten streng vertraulich behandeln. Ohne Ihre<br \/>ausdr\u00fcckliche Einwilligung geben wir keine pers\u00f6nlichen Daten weiter,<br \/>es sei denn, dass wir rechtlich dazu verpflichtet sind. Wir weisen<br \/>jedoch darauf hin, dass es bei der \u00dcbermittlung von Daten im<br \/>Internet immer dazu kommen kann, dass Dritte Ihre Daten zur Kenntnis<br \/>nehmen oder verf\u00e4lschen.<\/p>\n<p>Sofern Sie es von uns verlangen,<br \/>gew\u00e4hren wir Ihnen Einblick in die \u00fcber Sie gespeicherten Daten,<br \/>beziehungsweise l\u00f6schen diese. Wenn Sie Daten berichtigen, l\u00f6schen<br \/>oder einsehen wollen, gen\u00fcgt hierf\u00fcr ein Schreiben an die im<br \/>Impressum angegebene Adresse.<\/p>\n<p>Im Rahmen der Benachrichtigung<br \/>unserer Kunden \u00fcber Produktneuheiten, etc. senden wir Ihnen Emails nur<br \/>zu, sofern Sie uns Ihre Emailadresse zur Verf\u00fcgung stellen.<\/p>\n<p><strong>Geltungsbereich <\/strong> <br \/>Diese Datenschutzerkl\u00e4rung soll die Nutzer dieser<br \/>Website gem\u00e4\u00df Bundesdatenschutzgesetz und Telemediengesetz \u00fcber die<br \/>Art, den Umfang und den Zweck der Erhebung und Verwendung<br \/>personenbezogener Daten durch den Websitebetreiber informieren. <br \/>Der Websitebetreiber nimmt Ihren Datenschutz sehr ernst<br \/>und behandelt Ihre personenbezogenen Daten vertraulich und<br \/>entsprechend der gesetzlichen Vorschriften. <br \/>Bedenken Sie, dass die Daten\u00fcbertragung im Internet<br \/>grunds\u00e4tzlich mit Sicherheitsl\u00fccken bedacht sein kann. Ein<br \/>vollumf\u00e4nglicher Schutz vor dem Zugriff durch Fremde ist nicht<br \/>realisierbar. <br \/><strong>Zugriffsdaten <\/strong> <br \/>Der Websitebetreiber bzw. Seitenprovider erhebt Daten<br \/>\u00fcber Zugriffe auf die Seite und speichert diese als \u201eServer-Logfiles\u201c<br \/>ab. Folgende Daten werden so protokolliert:<\/p>\n<ul>\n<li>Besuchte Website<\/li>\n<li>Uhrzeit zum Zeitpunkt des Zugriffes<\/li>\n<li>Menge der gesendeten Daten in Byte<\/li>\n<li>Quelle\/Verweis, von welchem Sie auf die Seite gelangten<\/li>\n<li>Verwendeter Browser<\/li>\n<li>Verwendetes Betriebssystem<\/li>\n<li>Verwendete IP-Adresse<\/li>\n<\/ul>\n<p>Die erhobenen Daten dienen<br \/>lediglich statistischen Auswertungen und zur Verbesserung der Website.<br \/>Der Websitebetreiber beh\u00e4lt sich allerdings vor, die Server-Logfiles<br \/>nachtr\u00e4glich zu \u00fcberpr\u00fcfen, sollten konkrete Anhaltspunkte auf eine<br \/>rechtswidrige Nutzung hinweisen.<\/p>\n<h4 class=\"wp-block-heading\"><strong>Reichweitenmessung &amp; Cookies<\/strong><\/h4>\n<p>Diese Website verwendet Cookies<br \/>zur pseudonymisierten Reichweitenmessung, die entweder von unserem<br \/>Server oder dem Server Dritter an den Browser des Nutzers \u00fcbertragen<br \/>werden. Bei Cookies handelt es sich um kleine Dateien, welche auf<br \/>Ihrem Endger\u00e4t gespeichert werden. Ihr Browser greift auf diese<br \/>Dateien zu. Durch den Einsatz von Cookies erh\u00f6ht sich die<br \/>Benutzerfreundlichkeit und Sicherheit dieser Website.<br \/>Falls Sie nicht m\u00f6chten, dass Cookies zur Reichweitenmessung auf<br \/>Ihrem Endger\u00e4t gespeichert werden, k\u00f6nnen Sie dem Einsatz dieser<br \/>Dateien hier widersprechen:<\/p>\n<ul>\n<li>Cookie-Deaktivierungsseite der Netzwerkwerbeinitiative: <u><a href=\"http:\/\/optout.networkadvertising.org\/?c=1#!\/\">http:\/\/optout.networkadvertising.org\/?c=1#!\/<\/a><\/u><\/li>\n<li>Cookie-Deaktivierungsseite der US-amerikanischen Website: <u><a href=\"http:\/\/optout.aboutads.info\/?c=2#!\/\">http:\/\/optout.aboutads.info\/?c=2#!\/<\/a><\/u><\/li>\n<li>Cookie-Deaktivierungsseite der europ\u00e4ischen Website: <u><a href=\"http:\/\/optout.networkadvertising.org\/?c=1#!\/\">http:\/\/optout.networkadvertising.org\/?c=1#!\/<\/a><\/u><\/li>\n<\/ul>\n<p>G\u00e4ngige Browser bieten die Einstellungsoption,<br \/>Cookies nicht zuzulassen. Hinweis: Es ist nicht gew\u00e4hrleistet, dass<br \/>Sie auf alle Funktionen dieser Website ohne Einschr\u00e4nkungen zugreifen<br \/>k\u00f6nnen, wenn Sie entsprechende Einstellungen vornehmen.<\/p>\n<p><strong>Google Analytics<\/strong><\/p>\n<p>Diese Website nutzt aufgrund unserer<br \/>berechtigten Interessen zur Optimierung und Analyse unseres<br \/>Online-Angebots im Sinne des Art. 6 Abs. 1 lit. f. DSGVO den Dienst<br \/>\u201eGoogle Analytics\u201c, welcher von der Google Inc. (1600<br \/>Amphitheatre Parkway Mountain View, CA 94043, USA) angeboten wird.<br \/>Der Dienst (Google Analytics) verwendet \u201eCookies\u201c \u2013 Textdateien,<br \/>welche auf Ihrem Endger\u00e4t gespeichert werden. Die durch die<br \/>Cookies gesammelten Informationen werden im Regelfall an einen<br \/>Google-Server in den USA gesandt und dort gespeichert.<\/p>\n<p>Google LLC h\u00e4lt das europ\u00e4ische Datenschutzrecht ein und ist unter dem Privacy-Shield-Abkommen zertifiziert: <u><a href=\"https:\/\/www.privacyshield.gov\/participant?id=a2zt000000001L5AAI&amp;status=Active\">https:\/\/www.privacyshield.gov\/participant?id=a2zt000000001L5AAI&amp;status=Active<\/a><\/u><\/p>\n<p>Auf dieser Website greift die<br \/>IP-Anonymisierung. Die IP-Adresse der Nutzer wird innerhalb der<br \/>Mitgliedsstaaten der EU und des Europ\u00e4ischen Wirtschaftsraum und in<br \/>den anderen Vertragsstaaten des Abkommens gek\u00fcrzt. Nur in<br \/>Einzelf\u00e4llen wird die IP-Adresse zun\u00e4chst ungek\u00fcrzt in die USA an<br \/>einen Server von Google \u00fcbertragen und dort gek\u00fcrzt. Durch diese<br \/>K\u00fcrzung entf\u00e4llt der Personenbezug Ihrer IP-Adresse. Die vom Browser<br \/>\u00fcbermittelte IP-Adresse des Nutzers wird nicht mit anderen von<br \/>Google gespeicherten Daten kombiniert.<\/p>\n<p>Im Rahmen der Vereinbarung zur<br \/>Auftragsdatenvereinbarung, welche wir als Websitebetreiber mit der<br \/>Google Inc. geschlossen haben, erstellt diese mithilfe der<br \/>gesammelten Informationen eine Auswertung der Websitenutzung und<br \/>der Websiteaktivit\u00e4t und erbringt mit der Internetnutzung<br \/>verbundene Dienstleistungen.<\/p>\n<p>Die von Google in unserem Auftrag erhobenen<br \/>Daten werden genutzt, um die Nutzung unseres Online-Angebots durch<br \/>die einzelnen Nutzer auswerten zu k\u00f6nnen, z. B. um Reports \u00fcber<br \/>die Aktivit\u00e4t auf der Website zu erstellen, um unser<br \/>Online-Angebot zu verbessern.<\/p>\n<p>Sie haben die M\u00f6glichkeit, die Speicherung der<br \/>Cookies auf Ihrem Ger\u00e4t zu verhindern, indem Sie in Ihrem Browser<br \/>entsprechende Einstellungen vornehmen. Es ist nicht<br \/>gew\u00e4hrleistet, dass Sie auf alle Funktionen dieser Website ohne<br \/>Einschr\u00e4nkungen zugreifen k\u00f6nnen, wenn Ihr Browser keine Cookies<br \/>zul\u00e4sst.<\/p>\n<p>Weiterhin k\u00f6nnen Sie durch ein Browser-Plugin<br \/>verhindern, dass die durch Cookies gesammelten Informationen<br \/>(inklusive Ihrer IP-Adresse) an die Google Inc. gesendet und von<br \/>der Google Inc. genutzt werden. Folgender Link f\u00fchrt Sie zu dem<br \/>entsprechenden Plugin: <u><a href=\"https:\/\/tools.google.com\/dlpage\/gaoptout?hl=de\">https:\/\/tools.google.com\/dlpage\/gaoptout?hl=de<\/a><\/u><\/p>\n<p>Alternativ verhindern Sie mit einem Klick auf<br \/>diesen Link (WICHTIG: Opt-Out-Link einf\u00fcgen), dass Google<br \/>Analytics innerhalb dieser Website Daten \u00fcber Sie erfasst. Mit dem<br \/>Klick auf obigen Link laden Sie ein \u201eOpt-Out-Cookie\u201c herunter.<br \/>Ihr Browser muss die Speicherung von Cookies also hierzu<br \/>grunds\u00e4tzlich erlauben. L\u00f6schen Sie Ihre Cookies regelm\u00e4\u00dfig, ist<br \/>ein erneuter Klick auf den Link bei jedem Besuch dieser Website<br \/>vonn\u00f6ten.<\/p>\n<p>\u00a0<\/p>\n<p><strong>Umgang mit personenbezogenen Daten <\/strong> <br \/>Der Websitebetreiber erhebt, nutzt und gibt Ihre personenbezogenen<br \/>Daten nur dann weiter, wenn dies im gesetzlichen Rahmen erlaubt ist<br \/>oder Sie in die Datenerhebung einwilligen. <br \/>Als personenbezogene Daten gelten s\u00e4mtliche Informationen, welche<br \/>dazu dienen, Ihre Person zu bestimmen und welche zu Ihnen<br \/>zur\u00fcckverfolgt werden k\u00f6nnen \u2013 also beispielsweise Ihr Name, Ihre<br \/>E-Mail-Adresse und Telefonnummer. <br \/><strong><br \/>Umgang mit Kontaktdaten <\/strong> <br \/>Nehmen Sie mit dem Websitebetreiber durch die angebotenen<br \/>Kontaktm\u00f6glichkeiten Verbindung auf, werden Ihre Angaben gespeichert,<br \/>damit auf diese zur Bearbeitung und Beantwortung Ihrer Anfrage<br \/>zur\u00fcckgegriffen werden kann. Ohne Ihre Einwilligung werden diese<br \/>Daten nicht an Dritte weitergegeben. <br \/><strong><br \/>Umgang mit Kommentaren und Beitr\u00e4gen <\/strong> <br \/>Hinterlassen Sie auf dieser Website einen Beitrag oder Kommentar,<br \/>wird Ihre IP-Adresse gespeichert. Dies dient der Sicherheit des<br \/>Websitebetreibers: Verst\u00f6\u00dft Ihr Text gegen das Recht, m\u00f6chte er Ihre<br \/>Identit\u00e4t nachverfolgen k\u00f6nnen. <br \/><strong><br \/>Nutzung von Social-Media-Plugins <\/strong> <br \/>Diese Website verwendet Facebook Social Plugins, welches von der<br \/>Facebook Inc. (1 Hacker Way, Menlo Park, California 94025, USA)<br \/>betrieben wird. Erkennbar sind die Einbindungen an dem Facebook-Logo<br \/>bzw. an den Begriffen \u201eLike\u201c, \u201eGef\u00e4llt mir\u201c, \u201eTeilen\u201c in den Farben<br \/>Facebooks (Blau und Wei\u00df). Informationen zu allen Facebook-Plugins<br \/>finden Sie im folgenden Link:<br \/>https:\/\/developers.facebook.com\/docs\/plugins\/ <br \/>Das Plugin stellt eine direkte Verbindung zwischen Ihrem Browser<br \/>und den Facebook-Servern her. Der Websitebetreiber hat keinerlei<br \/>Einfluss auf die Natur und den Umfang der Daten, welche das Plugin an<br \/>die Server der Facebook Inc. \u00fcbermittelt. Informationen dazu finden<br \/>Sie hier: https:\/\/www.facebook.com\/help\/186325668085084 Das Plugin<br \/>informiert die Facebook Inc. dar\u00fcber, dass Sie Nutzer diese Website<br \/>besucht hat. Es besteht hierbei die M\u00f6glichkeit, dass Ihre IP-Adresse<br \/>gespeichert wird. Sind Sie w\u00e4hrend des Besuchs auf dieser Website in<br \/>Ihrem Facebook-Konto eingeloggt, werden die genannten Informationen<br \/>mit diesem verkn\u00fcpft. <br \/>Nutzen Sie die Funktionen des Plugins \u2013 etwa indem Sie einen<br \/>Beitrag teilen oder \u201eliken\u201c \u2013 werden die entsprechenden Informationen<br \/>ebenfalls an die Facebook Inc. \u00fcbermittelt. <br \/>M\u00f6chten Sie verhindern, dass die Facebook. Inc. diese Daten mit<br \/>Ihrem Facebook-Konto verkn\u00fcpft, loggen Sie sich bitte vor dem Besuch<br \/>dieser Website bei Facebook aus. <br \/><strong><br \/>Rechte des Nutzers: Auskunft, Berichtigung und L\u00f6schung <\/strong> <br \/>Sie als Nutzer erhalten auf Antrag Ihrerseits kostenlose Auskunft<br \/>dar\u00fcber, welche personenbezogenen Daten \u00fcber Sie gespeichert wurden.<br \/>Sofern Ihr Wunsch nicht mit einer gesetzlichen Pflicht zur<br \/>Aufbewahrung von Daten (z. B. Vorratsdatenspeicherung) kollidiert,<br \/>haben Sie ein Anrecht auf Berichtigung falscher Daten und auf die<br \/>Sperrung oder L\u00f6schung Ihrer personenbezogenen Daten.<\/p>\n<p>\u00a0<\/p>\n<p><\/p>\t\t\t\t\t\t\t\t<\/div>\n\t\t\t\t<\/div>\n\t\t\t\t\t<\/div>\n\t\t<\/div>\n\t\t\t\t\t<\/div>\n\t\t<\/section>\n\t\t\t\t<\/div>\n\t\t","protected":false},"excerpt":{"rendered":"<p>Wir erheben, verarbeiten und nutzen Ihre Daten nur im Rahmen der gesetzlichen Bestimmungen. Diese Datenschutzerkl\u00e4rung giltausschlie\u00dflich f\u00fcr die Nutzung der von uns angebotenen Webseiten.Sie gilt nicht f\u00fcr die Webseiten anderer Dienstanbieter, auf die wirlediglich durch einen Link verweisen. Bei der Nutzung unserer Webseitenbleiben Sie anonym, solange Sie uns nicht von sich aus freiwilligpersonenbezogene Daten zur &hellip; <\/p>\n<p class=\"link-more\"><a href=\"https:\/\/leeser-fahrzeugtechnik.de\/index.php\/datenschutzerklaerung\/\" class=\"more-link\">Mehr <span class=\"screen-reader-text\">\u00fcber &#8222;Datenschutzerkl\u00e4rung&#8220; <\/span>Lesen<\/a><\/p>\n","protected":false},"author":1,"featured_media":0,"parent":0,"menu_order":0,"comment_status":"closed","ping_status":"open","template":"","meta":{"inspiro_hide_title":false,"footnotes":""},"class_list":["post-3","page","type-page","status-publish","hentry"],"yoast_head":"<!-- This site is optimized with the Yoast SEO plugin v27.2 - https:\/\/yoast.com\/product\/yoast-seo-wordpress\/ -->\n<title>Datenschutzerkl\u00e4rung - R. Leeser Fahrzeugtechnik<\/title>\n<meta name=\"robots\" content=\"index, follow, max-snippet:-1, max-image-preview:large, max-video-preview:-1\" \/>\n<link rel=\"canonical\" href=\"https:\/\/leeser-fahrzeugtechnik.de\/index.php\/datenschutzerklaerung\/\" \/>\n<meta property=\"og:locale\" content=\"de_DE\" \/>\n<meta property=\"og:type\" content=\"article\" \/>\n<meta property=\"og:title\" content=\"Datenschutzerkl\u00e4rung - R. Leeser Fahrzeugtechnik\" \/>\n<meta property=\"og:description\" content=\"Wir erheben, verarbeiten und nutzen Ihre Daten nur im Rahmen der gesetzlichen Bestimmungen. Diese Datenschutzerkl\u00e4rung giltausschlie\u00dflich f\u00fcr die Nutzung der von uns angebotenen Webseiten.Sie gilt nicht f\u00fcr die Webseiten anderer Dienstanbieter, auf die wirlediglich durch einen Link verweisen. Bei der Nutzung unserer Webseitenbleiben Sie anonym, solange Sie uns nicht von sich aus freiwilligpersonenbezogene Daten zur &hellip; Mehr \u00fcber &quot;Datenschutzerkl\u00e4rung&quot; Lesen\" \/>\n<meta property=\"og:url\" content=\"https:\/\/leeser-fahrzeugtechnik.de\/index.php\/datenschutzerklaerung\/\" \/>\n<meta property=\"og:site_name\" content=\"R. Leeser Fahrzeugtechnik\" \/>\n<meta property=\"article:modified_time\" content=\"2022-09-27T17:54:27+00:00\" \/>\n<meta name=\"twitter:card\" content=\"summary_large_image\" \/>\n<meta name=\"twitter:label1\" content=\"Gesch\u00e4tzte Lesezeit\" \/>\n\t<meta name=\"twitter:data1\" content=\"7\u00a0Minuten\" \/>\n<script type=\"application\/ld+json\" class=\"yoast-schema-graph\">{\"@context\":\"https:\/\/schema.org\",\"@graph\":[{\"@type\":\"WebPage\",\"@id\":\"https:\/\/leeser-fahrzeugtechnik.de\/index.php\/datenschutzerklaerung\/\",\"url\":\"https:\/\/leeser-fahrzeugtechnik.de\/index.php\/datenschutzerklaerung\/\",\"name\":\"Datenschutzerkl\u00e4rung - R. Leeser Fahrzeugtechnik\",\"isPartOf\":{\"@id\":\"https:\/\/leeser-fahrzeugtechnik.de\/#website\"},\"datePublished\":\"2022-06-23T18:19:59+00:00\",\"dateModified\":\"2022-09-27T17:54:27+00:00\",\"breadcrumb\":{\"@id\":\"https:\/\/leeser-fahrzeugtechnik.de\/index.php\/datenschutzerklaerung\/#breadcrumb\"},\"inLanguage\":\"de\",\"potentialAction\":[{\"@type\":\"ReadAction\",\"target\":[\"https:\/\/leeser-fahrzeugtechnik.de\/index.php\/datenschutzerklaerung\/\"]}]},{\"@type\":\"BreadcrumbList\",\"@id\":\"https:\/\/leeser-fahrzeugtechnik.de\/index.php\/datenschutzerklaerung\/#breadcrumb\",\"itemListElement\":[{\"@type\":\"ListItem\",\"position\":1,\"name\":\"Startseite\",\"item\":\"https:\/\/leeser-fahrzeugtechnik.de\/\"},{\"@type\":\"ListItem\",\"position\":2,\"name\":\"Datenschutzerkl\u00e4rung\"}]},{\"@type\":\"WebSite\",\"@id\":\"https:\/\/leeser-fahrzeugtechnik.de\/#website\",\"url\":\"https:\/\/leeser-fahrzeugtechnik.de\/\",\"name\":\"R. Leeser Fahrzeugtechnik\",\"description\":\"Wilkommen bei Leeser Fahrzeugtechnik hier dreht sich alles um die Reparatur und Instandhaltung Ihres Fahrzeuges. Leeser und es l\u00e4uft!\",\"publisher\":{\"@id\":\"https:\/\/leeser-fahrzeugtechnik.de\/#organization\"},\"potentialAction\":[{\"@type\":\"SearchAction\",\"target\":{\"@type\":\"EntryPoint\",\"urlTemplate\":\"https:\/\/leeser-fahrzeugtechnik.de\/?s={search_term_string}\"},\"query-input\":{\"@type\":\"PropertyValueSpecification\",\"valueRequired\":true,\"valueName\":\"search_term_string\"}}],\"inLanguage\":\"de\"},{\"@type\":\"Organization\",\"@id\":\"https:\/\/leeser-fahrzeugtechnik.de\/#organization\",\"name\":\"R. Leeser Fahrzeugtechnik\",\"url\":\"https:\/\/leeser-fahrzeugtechnik.de\/\",\"logo\":{\"@type\":\"ImageObject\",\"inLanguage\":\"de\",\"@id\":\"https:\/\/leeser-fahrzeugtechnik.de\/#\/schema\/logo\/image\/\",\"url\":\"https:\/\/leeser-fahrzeugtechnik.de\/wp-content\/uploads\/2022\/09\/logo_leeser-transparent-5.png\",\"contentUrl\":\"https:\/\/leeser-fahrzeugtechnik.de\/wp-content\/uploads\/2022\/09\/logo_leeser-transparent-5.png\",\"width\":142,\"height\":52,\"caption\":\"R. Leeser Fahrzeugtechnik\"},\"image\":{\"@id\":\"https:\/\/leeser-fahrzeugtechnik.de\/#\/schema\/logo\/image\/\"}}]}<\/script>\n<!-- \/ Yoast SEO plugin. -->","yoast_head_json":{"title":"Datenschutzerkl\u00e4rung - R. Leeser Fahrzeugtechnik","robots":{"index":"index","follow":"follow","max-snippet":"max-snippet:-1","max-image-preview":"max-image-preview:large","max-video-preview":"max-video-preview:-1"},"canonical":"https:\/\/leeser-fahrzeugtechnik.de\/index.php\/datenschutzerklaerung\/","og_locale":"de_DE","og_type":"article","og_title":"Datenschutzerkl\u00e4rung - R. Leeser Fahrzeugtechnik","og_description":"Wir erheben, verarbeiten und nutzen Ihre Daten nur im Rahmen der gesetzlichen Bestimmungen. Diese Datenschutzerkl\u00e4rung giltausschlie\u00dflich f\u00fcr die Nutzung der von uns angebotenen Webseiten.Sie gilt nicht f\u00fcr die Webseiten anderer Dienstanbieter, auf die wirlediglich durch einen Link verweisen. Bei der Nutzung unserer Webseitenbleiben Sie anonym, solange Sie uns nicht von sich aus freiwilligpersonenbezogene Daten zur &hellip; Mehr \u00fcber \"Datenschutzerkl\u00e4rung\" Lesen","og_url":"https:\/\/leeser-fahrzeugtechnik.de\/index.php\/datenschutzerklaerung\/","og_site_name":"R. Leeser Fahrzeugtechnik","article_modified_time":"2022-09-27T17:54:27+00:00","twitter_card":"summary_large_image","twitter_misc":{"Gesch\u00e4tzte Lesezeit":"7\u00a0Minuten"},"schema":{"@context":"https:\/\/schema.org","@graph":[{"@type":"WebPage","@id":"https:\/\/leeser-fahrzeugtechnik.de\/index.php\/datenschutzerklaerung\/","url":"https:\/\/leeser-fahrzeugtechnik.de\/index.php\/datenschutzerklaerung\/","name":"Datenschutzerkl\u00e4rung - R. Leeser Fahrzeugtechnik","isPartOf":{"@id":"https:\/\/leeser-fahrzeugtechnik.de\/#website"},"datePublished":"2022-06-23T18:19:59+00:00","dateModified":"2022-09-27T17:54:27+00:00","breadcrumb":{"@id":"https:\/\/leeser-fahrzeugtechnik.de\/index.php\/datenschutzerklaerung\/#breadcrumb"},"inLanguage":"de","potentialAction":[{"@type":"ReadAction","target":["https:\/\/leeser-fahrzeugtechnik.de\/index.php\/datenschutzerklaerung\/"]}]},{"@type":"BreadcrumbList","@id":"https:\/\/leeser-fahrzeugtechnik.de\/index.php\/datenschutzerklaerung\/#breadcrumb","itemListElement":[{"@type":"ListItem","position":1,"name":"Startseite","item":"https:\/\/leeser-fahrzeugtechnik.de\/"},{"@type":"ListItem","position":2,"name":"Datenschutzerkl\u00e4rung"}]},{"@type":"WebSite","@id":"https:\/\/leeser-fahrzeugtechnik.de\/#website","url":"https:\/\/leeser-fahrzeugtechnik.de\/","name":"R. Leeser Fahrzeugtechnik","description":"Wilkommen bei Leeser Fahrzeugtechnik hier dreht sich alles um die Reparatur und Instandhaltung Ihres Fahrzeuges. Leeser und es l\u00e4uft!","publisher":{"@id":"https:\/\/leeser-fahrzeugtechnik.de\/#organization"},"potentialAction":[{"@type":"SearchAction","target":{"@type":"EntryPoint","urlTemplate":"https:\/\/leeser-fahrzeugtechnik.de\/?s={search_term_string}"},"query-input":{"@type":"PropertyValueSpecification","valueRequired":true,"valueName":"search_term_string"}}],"inLanguage":"de"},{"@type":"Organization","@id":"https:\/\/leeser-fahrzeugtechnik.de\/#organization","name":"R. Leeser Fahrzeugtechnik","url":"https:\/\/leeser-fahrzeugtechnik.de\/","logo":{"@type":"ImageObject","inLanguage":"de","@id":"https:\/\/leeser-fahrzeugtechnik.de\/#\/schema\/logo\/image\/","url":"https:\/\/leeser-fahrzeugtechnik.de\/wp-content\/uploads\/2022\/09\/logo_leeser-transparent-5.png","contentUrl":"https:\/\/leeser-fahrzeugtechnik.de\/wp-content\/uploads\/2022\/09\/logo_leeser-transparent-5.png","width":142,"height":52,"caption":"R. Leeser Fahrzeugtechnik"},"image":{"@id":"https:\/\/leeser-fahrzeugtechnik.de\/#\/schema\/logo\/image\/"}}]}},"_links":{"self":[{"href":"https:\/\/leeser-fahrzeugtechnik.de\/index.php\/wp-json\/wp\/v2\/pages\/3","targetHints":{"allow":["GET"]}}],"collection":[{"href":"https:\/\/leeser-fahrzeugtechnik.de\/index.php\/wp-json\/wp\/v2\/pages"}],"about":[{"href":"https:\/\/leeser-fahrzeugtechnik.de\/index.php\/wp-json\/wp\/v2\/types\/page"}],"author":[{"embeddable":true,"href":"https:\/\/leeser-fahrzeugtechnik.de\/index.php\/wp-json\/wp\/v2\/users\/1"}],"replies":[{"embeddable":true,"href":"https:\/\/leeser-fahrzeugtechnik.de\/index.php\/wp-json\/wp\/v2\/comments?post=3"}],"version-history":[{"count":8,"href":"https:\/\/leeser-fahrzeugtechnik.de\/index.php\/wp-json\/wp\/v2\/pages\/3\/revisions"}],"predecessor-version":[{"id":826,"href":"https:\/\/leeser-fahrzeugtechnik.de\/index.php\/wp-json\/wp\/v2\/pages\/3\/revisions\/826"}],"wp:attachment":[{"href":"https:\/\/leeser-fahrzeugtechnik.de\/index.php\/wp-json\/wp\/v2\/media?parent=3"}],"curies":[{"name":"wp","href":"https:\/\/api.w.org\/{rel}","templated":true}]}}