{"id":44,"date":"2022-06-27T17:22:54","date_gmt":"2022-06-27T15:22:54","guid":{"rendered":"http:\/\/81.169.250.167\/?page_id=44"},"modified":"2026-01-21T15:01:01","modified_gmt":"2026-01-21T14:01:01","slug":"leistungen","status":"publish","type":"page","link":"https:\/\/leeser-fahrzeugtechnik.de\/","title":{"rendered":"Ihr Fahrzeug hat ein Problem, braucht einen Service oder eine Inspektion? Sie suchen eine kompetente und faire Autowerkstatt? Dann sind Sie bei uns genau richtig!"},"content":{"rendered":"\t\t<div data-elementor-type=\"wp-page\" data-elementor-id=\"44\" class=\"elementor elementor-44\">\n\t\t\t\t\t\t<section class=\"elementor-section elementor-top-section elementor-element elementor-element-fc0d2d7 elementor-section-boxed elementor-section-height-default elementor-section-height-default\" data-id=\"fc0d2d7\" data-element_type=\"section\" data-e-type=\"section\">\n\t\t\t\t\t\t<div class=\"elementor-container elementor-column-gap-default\">\n\t\t\t\t\t<div class=\"elementor-column elementor-col-100 elementor-top-column elementor-element elementor-element-ee237fc\" data-id=\"ee237fc\" data-element_type=\"column\" data-e-type=\"column\">\n\t\t\t<div class=\"elementor-widget-wrap elementor-element-populated\">\n\t\t\t\t\t\t<div class=\"elementor-element elementor-element-b30494e elementor-widget__width-initial elementor-widget elementor-widget-text-editor\" data-id=\"b30494e\" data-element_type=\"widget\" data-e-type=\"widget\" data-widget_type=\"text-editor.default\">\n\t\t\t\t<div class=\"elementor-widget-container\">\n\t\t\t\t\t\t\t\t\t<h3>\u00a0<\/h3><h3 style=\"text-align: left;\"><strong>R. Leeser Fahrzeugtechnik ist Ihr kompetenter Ansprechpartner f\u00fcr moderne Fahrzeugtechnik.<\/strong><\/h3><h3 style=\"text-align: left;\">Mit Fachwissen, Erfahrung und pers\u00f6nlichem Service bieten wir zuverl\u00e4ssige L\u00f6sungen rund um Wartung, Reparatur und Technik- pr\u00e4zise, transparent und kundenorientiert.<\/h3><h3 style=\"text-align: left;\">Unser Leistungsspektrum umfasst die professionelle Wartung, Reparatur und Optimierung von Fahrzeugen. Dabei verbinden wir handwerkliches K\u00f6nnen mit aktueller Diagnosetechnik und einem hohen Qualit\u00e4tsanspruch.<\/h3><h3 style=\"text-align: left;\">Ob private Fahrzeughalter oder gewerbliche Kunden &#8211; wir legen gro\u00dfen Wert auf transparente Beratung, saubere Arbeit und nachhaltigen L\u00f6sungen.<\/h3><p>\u00a0<\/p><p>\u00a0<\/p>\t\t\t\t\t\t\t\t<\/div>\n\t\t\t\t<\/div>\n\t\t\t\t\t<\/div>\n\t\t<\/div>\n\t\t\t\t\t<\/div>\n\t\t<\/section>\n\t\t\t\t<section class=\"elementor-section elementor-top-section elementor-element elementor-element-e1749fe elementor-section-boxed elementor-section-height-default elementor-section-height-default\" data-id=\"e1749fe\" data-element_type=\"section\" data-e-type=\"section\">\n\t\t\t\t\t\t<div class=\"elementor-container elementor-column-gap-default\">\n\t\t\t\t\t<div class=\"elementor-column elementor-col-100 elementor-top-column elementor-element elementor-element-0eb9b92\" data-id=\"0eb9b92\" data-element_type=\"column\" data-e-type=\"column\">\n\t\t\t<div class=\"elementor-widget-wrap elementor-element-populated\">\n\t\t\t\t\t\t<div class=\"elementor-element elementor-element-18159b8 elementor-widget__width-initial elementor-widget elementor-widget-image\" data-id=\"18159b8\" data-element_type=\"widget\" data-e-type=\"widget\" data-widget_type=\"image.default\">\n\t\t\t\t<div class=\"elementor-widget-container\">\n\t\t\t\t\t\t\t\t\t\t\t\t\t\t\t\t<a href=\"https:\/\/www.handwerk-direkt.de\/kraftfahrzeuginnung.aspx\" target=\"_blank\">\n\t\t\t\t\t\t\t<img fetchpriority=\"high\" decoding=\"async\" width=\"300\" height=\"278\" src=\"https:\/\/leeser-fahrzeugtechnik.de\/wp-content\/uploads\/2023\/01\/Logo-KFZ_mit-Zusatz-Bergisches-Land_ab-01072018_klein-002-300x278.jpg\" class=\"attachment-medium size-medium wp-image-917\" alt=\"\" srcset=\"https:\/\/leeser-fahrzeugtechnik.de\/wp-content\/uploads\/2023\/01\/Logo-KFZ_mit-Zusatz-Bergisches-Land_ab-01072018_klein-002-300x278.jpg 300w, https:\/\/leeser-fahrzeugtechnik.de\/wp-content\/uploads\/2023\/01\/Logo-KFZ_mit-Zusatz-Bergisches-Land_ab-01072018_klein-002.jpg 614w\" sizes=\"100vw\" \/>\t\t\t\t\t\t\t\t<\/a>\n\t\t\t\t\t\t\t\t\t\t\t\t\t\t\t<\/div>\n\t\t\t\t<\/div>\n\t\t\t\t<div class=\"elementor-element elementor-element-46303e1 elementor-widget__width-initial elementor-widget elementor-widget-image\" data-id=\"46303e1\" data-element_type=\"widget\" data-e-type=\"widget\" data-widget_type=\"image.default\">\n\t\t\t\t<div class=\"elementor-widget-container\">\n\t\t\t\t\t\t\t\t\t\t\t\t\t\t\t\t<a href=\"https:\/\/www.handwerk-direkt.de\/\" target=\"_blank\">\n\t\t\t\t\t\t\t<img decoding=\"async\" width=\"300\" height=\"300\" src=\"https:\/\/leeser-fahrzeugtechnik.de\/wp-content\/uploads\/2024\/08\/Ausbildungsbetrieb_der_KH_transparenter_Hintergrund-300x300.png\" class=\"attachment-medium size-medium wp-image-1242\" alt=\"\" srcset=\"https:\/\/leeser-fahrzeugtechnik.de\/wp-content\/uploads\/2024\/08\/Ausbildungsbetrieb_der_KH_transparenter_Hintergrund-300x300.png 300w, https:\/\/leeser-fahrzeugtechnik.de\/wp-content\/uploads\/2024\/08\/Ausbildungsbetrieb_der_KH_transparenter_Hintergrund-150x150.png 150w, https:\/\/leeser-fahrzeugtechnik.de\/wp-content\/uploads\/2024\/08\/Ausbildungsbetrieb_der_KH_transparenter_Hintergrund.png 1000w\" sizes=\"100vw\" \/>\t\t\t\t\t\t\t\t<\/a>\n\t\t\t\t\t\t\t\t\t\t\t\t\t\t\t<\/div>\n\t\t\t\t<\/div>\n\t\t\t\t\t<\/div>\n\t\t<\/div>\n\t\t\t\t\t<\/div>\n\t\t<\/section>\n\t\t\t\t<section class=\"elementor-section elementor-top-section elementor-element elementor-element-d2f127b elementor-section-boxed elementor-section-height-default elementor-section-height-default\" data-id=\"d2f127b\" data-element_type=\"section\" data-e-type=\"section\">\n\t\t\t\t\t\t<div class=\"elementor-container elementor-column-gap-default\">\n\t\t\t\t\t<div class=\"elementor-column elementor-col-100 elementor-top-column elementor-element elementor-element-edbe3f8\" data-id=\"edbe3f8\" data-element_type=\"column\" data-e-type=\"column\">\n\t\t\t<div class=\"elementor-widget-wrap elementor-element-populated\">\n\t\t\t\t\t\t<div class=\"elementor-element elementor-element-89c637b elementor-widget elementor-widget-text-editor\" data-id=\"89c637b\" data-element_type=\"widget\" data-e-type=\"widget\" data-widget_type=\"text-editor.default\">\n\t\t\t\t<div class=\"elementor-widget-container\">\n\t\t\t\t\t\t\t\t\t<h3>Damit k\u00f6nnen wir \u00fcberzeugen:<\/h3>\t\t\t\t\t\t\t\t<\/div>\n\t\t\t\t<\/div>\n\t\t\t\t\t<\/div>\n\t\t<\/div>\n\t\t\t\t\t<\/div>\n\t\t<\/section>\n\t\t\t\t<section class=\"elementor-section elementor-top-section elementor-element elementor-element-8a51152 elementor-section-full_width elementor-section-height-default elementor-section-height-default\" data-id=\"8a51152\" data-element_type=\"section\" data-e-type=\"section\">\n\t\t\t\t\t\t<div class=\"elementor-container elementor-column-gap-default\">\n\t\t\t\t\t<div class=\"elementor-column elementor-col-50 elementor-top-column elementor-element elementor-element-67e91e6\" data-id=\"67e91e6\" data-element_type=\"column\" data-e-type=\"column\">\n\t\t\t<div class=\"elementor-widget-wrap elementor-element-populated\">\n\t\t\t\t\t\t<div class=\"elementor-element elementor-element-673541e elementor-widget elementor-widget-text-editor\" data-id=\"673541e\" data-element_type=\"widget\" data-e-type=\"widget\" data-widget_type=\"text-editor.default\">\n\t\t\t\t<div class=\"elementor-widget-container\">\n\t\t\t\t\t\t\t\t\t<ul><li><strong>HU und A\u00dcK<\/strong><\/li><li><strong>Fehlerdiagnose<\/strong><\/li><li><strong>3D-Achsvermessung<\/strong><\/li><li><strong>KFZ-Mechanik<\/strong><\/li><li><strong>KFZ-Mechatronik<\/strong><\/li><li><strong>KFZ-Elektronik<\/strong><\/li><li><strong>Inspektionen und Service<\/strong><\/li><li><strong>Klimaanlagenservice R134 a &amp; R1234yf<br \/><\/strong><\/li><li><strong>\u00d6lwechsel<\/strong><\/li><li><strong>Reifenservice<\/strong><\/li><li><strong>Unfallschadeninstandsetzung<\/strong><\/li><li><strong>Autoglasservice &amp; Steinschlagreparatur<\/strong><\/li><li><strong>Reparaturersatzwagen<\/strong><\/li><li><strong>Ozon Geruchsbehandlung &#8211; Frische f\u00fcr Ihr Auto<\/strong><\/li><\/ul><p>\u00a0<\/p>\t\t\t\t\t\t\t\t<\/div>\n\t\t\t\t<\/div>\n\t\t\t\t\t<\/div>\n\t\t<\/div>\n\t\t\t\t<div class=\"elementor-column elementor-col-50 elementor-top-column elementor-element elementor-element-77da9ad\" data-id=\"77da9ad\" data-element_type=\"column\" data-e-type=\"column\">\n\t\t\t<div class=\"elementor-widget-wrap elementor-element-populated\">\n\t\t\t\t\t\t\t<\/div>\n\t\t<\/div>\n\t\t\t\t\t<\/div>\n\t\t<\/section>\n\t\t\t\t<\/div>\n\t\t","protected":false},"excerpt":{"rendered":"<p>\u00a0 R. Leeser Fahrzeugtechnik ist Ihr kompetenter Ansprechpartner f\u00fcr moderne Fahrzeugtechnik. Mit Fachwissen, Erfahrung und pers\u00f6nlichem Service bieten wir zuverl\u00e4ssige L\u00f6sungen rund um Wartung, Reparatur und Technik- pr\u00e4zise, transparent und kundenorientiert. Unser Leistungsspektrum umfasst die professionelle Wartung, Reparatur und Optimierung von Fahrzeugen. Dabei verbinden wir handwerkliches K\u00f6nnen mit aktueller Diagnosetechnik und einem hohen Qualit\u00e4tsanspruch. Ob &hellip; <\/p>\n<p class=\"link-more\"><a href=\"https:\/\/leeser-fahrzeugtechnik.de\/\" class=\"more-link\">Mehr <span class=\"screen-reader-text\">\u00fcber &#8222;Ihr Fahrzeug hat ein Problem, braucht einen Service oder eine Inspektion? Sie suchen eine kompetente und faire Autowerkstatt? Dann sind Sie bei uns genau richtig!&#8220; <\/span>Lesen<\/a><\/p>\n","protected":false},"author":1,"featured_media":0,"parent":0,"menu_order":0,"comment_status":"closed","ping_status":"closed","template":"","meta":{"inspiro_hide_title":false,"footnotes":""},"class_list":["post-44","page","type-page","status-publish","hentry"],"yoast_head":"<!-- This site is optimized with the Yoast SEO plugin v27.2 - https:\/\/yoast.com\/product\/yoast-seo-wordpress\/ -->\n<title>Ihr Fahrzeug hat ein Problem, braucht einen Service oder eine Inspektion? Sie suchen eine kompetente und faire Autowerkstatt? Dann sind Sie bei uns genau richtig! - R. Leeser Fahrzeugtechnik<\/title>\n<meta name=\"description\" content=\"Werkstatt, Auto, Reparatur, T\u00dcV, AU, Leeser, R\u00f6srath, Klimaanlagenservice\" \/>\n<meta name=\"robots\" content=\"index, follow, max-snippet:-1, max-image-preview:large, max-video-preview:-1\" \/>\n<link rel=\"canonical\" href=\"https:\/\/leeser-fahrzeugtechnik.de\/\" \/>\n<meta property=\"og:locale\" content=\"de_DE\" \/>\n<meta property=\"og:type\" content=\"article\" \/>\n<meta property=\"og:title\" content=\"Ihr Fahrzeug hat ein Problem, braucht einen Service oder eine Inspektion? Sie suchen eine kompetente und faire Autowerkstatt? Dann sind Sie bei uns genau richtig! - R. Leeser Fahrzeugtechnik\" \/>\n<meta property=\"og:description\" content=\"Werkstatt, Auto, Reparatur, T\u00dcV, AU, Leeser, R\u00f6srath, Klimaanlagenservice\" \/>\n<meta property=\"og:url\" content=\"https:\/\/leeser-fahrzeugtechnik.de\/\" \/>\n<meta property=\"og:site_name\" content=\"R. Leeser Fahrzeugtechnik\" \/>\n<meta property=\"article:modified_time\" content=\"2026-01-21T14:01:01+00:00\" \/>\n<meta property=\"og:image\" content=\"http:\/\/leeser-fahrzeugtechnik.de\/wp-content\/uploads\/2023\/01\/Logo-KFZ_mit-Zusatz-Bergisches-Land_ab-01072018_klein-002-300x278.jpg\" \/>\n<meta name=\"twitter:card\" content=\"summary_large_image\" \/>\n<meta name=\"twitter:label1\" content=\"Gesch\u00e4tzte Lesezeit\" \/>\n\t<meta name=\"twitter:data1\" content=\"1\u00a0Minute\" \/>\n<script type=\"application\/ld+json\" class=\"yoast-schema-graph\">{\"@context\":\"https:\/\/schema.org\",\"@graph\":[{\"@type\":\"WebPage\",\"@id\":\"https:\/\/leeser-fahrzeugtechnik.de\/\",\"url\":\"https:\/\/leeser-fahrzeugtechnik.de\/\",\"name\":\"Ihr Fahrzeug hat ein Problem, braucht einen Service oder eine Inspektion? Sie suchen eine kompetente und faire Autowerkstatt? Dann sind Sie bei uns genau richtig! - R. Leeser Fahrzeugtechnik\",\"isPartOf\":{\"@id\":\"https:\/\/leeser-fahrzeugtechnik.de\/#website\"},\"primaryImageOfPage\":{\"@id\":\"https:\/\/leeser-fahrzeugtechnik.de\/#primaryimage\"},\"image\":{\"@id\":\"https:\/\/leeser-fahrzeugtechnik.de\/#primaryimage\"},\"thumbnailUrl\":\"http:\/\/leeser-fahrzeugtechnik.de\/wp-content\/uploads\/2023\/01\/Logo-KFZ_mit-Zusatz-Bergisches-Land_ab-01072018_klein-002-300x278.jpg\",\"datePublished\":\"2022-06-27T15:22:54+00:00\",\"dateModified\":\"2026-01-21T14:01:01+00:00\",\"description\":\"Werkstatt, Auto, Reparatur, T\u00dcV, AU, Leeser, R\u00f6srath, Klimaanlagenservice\",\"breadcrumb\":{\"@id\":\"https:\/\/leeser-fahrzeugtechnik.de\/#breadcrumb\"},\"inLanguage\":\"de\",\"potentialAction\":[{\"@type\":\"ReadAction\",\"target\":[\"https:\/\/leeser-fahrzeugtechnik.de\/\"]}]},{\"@type\":\"ImageObject\",\"inLanguage\":\"de\",\"@id\":\"https:\/\/leeser-fahrzeugtechnik.de\/#primaryimage\",\"url\":\"https:\/\/leeser-fahrzeugtechnik.de\/wp-content\/uploads\/2023\/01\/Logo-KFZ_mit-Zusatz-Bergisches-Land_ab-01072018_klein-002.jpg\",\"contentUrl\":\"https:\/\/leeser-fahrzeugtechnik.de\/wp-content\/uploads\/2023\/01\/Logo-KFZ_mit-Zusatz-Bergisches-Land_ab-01072018_klein-002.jpg\",\"width\":614,\"height\":568},{\"@type\":\"BreadcrumbList\",\"@id\":\"https:\/\/leeser-fahrzeugtechnik.de\/#breadcrumb\",\"itemListElement\":[{\"@type\":\"ListItem\",\"position\":1,\"name\":\"Startseite\",\"item\":\"https:\/\/leeser-fahrzeugtechnik.de\/\"},{\"@type\":\"ListItem\",\"position\":2,\"name\":\"Ihr Fahrzeug hat ein Problem, braucht einen Service oder eine Inspektion? Sie suchen eine kompetente und faire Autowerkstatt? Dann sind Sie bei uns genau richtig!\"}]},{\"@type\":\"WebSite\",\"@id\":\"https:\/\/leeser-fahrzeugtechnik.de\/#website\",\"url\":\"https:\/\/leeser-fahrzeugtechnik.de\/\",\"name\":\"R. Leeser Fahrzeugtechnik\",\"description\":\"Wilkommen bei Leeser Fahrzeugtechnik hier dreht sich alles um die Reparatur und Instandhaltung Ihres Fahrzeuges. Leeser und es l\u00e4uft!\",\"publisher\":{\"@id\":\"https:\/\/leeser-fahrzeugtechnik.de\/#organization\"},\"potentialAction\":[{\"@type\":\"SearchAction\",\"target\":{\"@type\":\"EntryPoint\",\"urlTemplate\":\"https:\/\/leeser-fahrzeugtechnik.de\/?s={search_term_string}\"},\"query-input\":{\"@type\":\"PropertyValueSpecification\",\"valueRequired\":true,\"valueName\":\"search_term_string\"}}],\"inLanguage\":\"de\"},{\"@type\":\"Organization\",\"@id\":\"https:\/\/leeser-fahrzeugtechnik.de\/#organization\",\"name\":\"R. Leeser Fahrzeugtechnik\",\"url\":\"https:\/\/leeser-fahrzeugtechnik.de\/\",\"logo\":{\"@type\":\"ImageObject\",\"inLanguage\":\"de\",\"@id\":\"https:\/\/leeser-fahrzeugtechnik.de\/#\/schema\/logo\/image\/\",\"url\":\"https:\/\/leeser-fahrzeugtechnik.de\/wp-content\/uploads\/2022\/09\/logo_leeser-transparent-5.png\",\"contentUrl\":\"https:\/\/leeser-fahrzeugtechnik.de\/wp-content\/uploads\/2022\/09\/logo_leeser-transparent-5.png\",\"width\":142,\"height\":52,\"caption\":\"R. Leeser Fahrzeugtechnik\"},\"image\":{\"@id\":\"https:\/\/leeser-fahrzeugtechnik.de\/#\/schema\/logo\/image\/\"}}]}<\/script>\n<!-- \/ Yoast SEO plugin. -->","yoast_head_json":{"title":"Ihr Fahrzeug hat ein Problem, braucht einen Service oder eine Inspektion? Sie suchen eine kompetente und faire Autowerkstatt? Dann sind Sie bei uns genau richtig! - R. Leeser Fahrzeugtechnik","description":"Werkstatt, Auto, Reparatur, T\u00dcV, AU, Leeser, R\u00f6srath, Klimaanlagenservice","robots":{"index":"index","follow":"follow","max-snippet":"max-snippet:-1","max-image-preview":"max-image-preview:large","max-video-preview":"max-video-preview:-1"},"canonical":"https:\/\/leeser-fahrzeugtechnik.de\/","og_locale":"de_DE","og_type":"article","og_title":"Ihr Fahrzeug hat ein Problem, braucht einen Service oder eine Inspektion? Sie suchen eine kompetente und faire Autowerkstatt? Dann sind Sie bei uns genau richtig! - R. Leeser Fahrzeugtechnik","og_description":"Werkstatt, Auto, Reparatur, T\u00dcV, AU, Leeser, R\u00f6srath, Klimaanlagenservice","og_url":"https:\/\/leeser-fahrzeugtechnik.de\/","og_site_name":"R. Leeser Fahrzeugtechnik","article_modified_time":"2026-01-21T14:01:01+00:00","og_image":[{"url":"http:\/\/leeser-fahrzeugtechnik.de\/wp-content\/uploads\/2023\/01\/Logo-KFZ_mit-Zusatz-Bergisches-Land_ab-01072018_klein-002-300x278.jpg","type":"","width":"","height":""}],"twitter_card":"summary_large_image","twitter_misc":{"Gesch\u00e4tzte Lesezeit":"1\u00a0Minute"},"schema":{"@context":"https:\/\/schema.org","@graph":[{"@type":"WebPage","@id":"https:\/\/leeser-fahrzeugtechnik.de\/","url":"https:\/\/leeser-fahrzeugtechnik.de\/","name":"Ihr Fahrzeug hat ein Problem, braucht einen Service oder eine Inspektion? Sie suchen eine kompetente und faire Autowerkstatt? Dann sind Sie bei uns genau richtig! - R. Leeser Fahrzeugtechnik","isPartOf":{"@id":"https:\/\/leeser-fahrzeugtechnik.de\/#website"},"primaryImageOfPage":{"@id":"https:\/\/leeser-fahrzeugtechnik.de\/#primaryimage"},"image":{"@id":"https:\/\/leeser-fahrzeugtechnik.de\/#primaryimage"},"thumbnailUrl":"http:\/\/leeser-fahrzeugtechnik.de\/wp-content\/uploads\/2023\/01\/Logo-KFZ_mit-Zusatz-Bergisches-Land_ab-01072018_klein-002-300x278.jpg","datePublished":"2022-06-27T15:22:54+00:00","dateModified":"2026-01-21T14:01:01+00:00","description":"Werkstatt, Auto, Reparatur, T\u00dcV, AU, Leeser, R\u00f6srath, Klimaanlagenservice","breadcrumb":{"@id":"https:\/\/leeser-fahrzeugtechnik.de\/#breadcrumb"},"inLanguage":"de","potentialAction":[{"@type":"ReadAction","target":["https:\/\/leeser-fahrzeugtechnik.de\/"]}]},{"@type":"ImageObject","inLanguage":"de","@id":"https:\/\/leeser-fahrzeugtechnik.de\/#primaryimage","url":"https:\/\/leeser-fahrzeugtechnik.de\/wp-content\/uploads\/2023\/01\/Logo-KFZ_mit-Zusatz-Bergisches-Land_ab-01072018_klein-002.jpg","contentUrl":"https:\/\/leeser-fahrzeugtechnik.de\/wp-content\/uploads\/2023\/01\/Logo-KFZ_mit-Zusatz-Bergisches-Land_ab-01072018_klein-002.jpg","width":614,"height":568},{"@type":"BreadcrumbList","@id":"https:\/\/leeser-fahrzeugtechnik.de\/#breadcrumb","itemListElement":[{"@type":"ListItem","position":1,"name":"Startseite","item":"https:\/\/leeser-fahrzeugtechnik.de\/"},{"@type":"ListItem","position":2,"name":"Ihr Fahrzeug hat ein Problem, braucht einen Service oder eine Inspektion? Sie suchen eine kompetente und faire Autowerkstatt? Dann sind Sie bei uns genau richtig!"}]},{"@type":"WebSite","@id":"https:\/\/leeser-fahrzeugtechnik.de\/#website","url":"https:\/\/leeser-fahrzeugtechnik.de\/","name":"R. Leeser Fahrzeugtechnik","description":"Wilkommen bei Leeser Fahrzeugtechnik hier dreht sich alles um die Reparatur und Instandhaltung Ihres Fahrzeuges. Leeser und es l\u00e4uft!","publisher":{"@id":"https:\/\/leeser-fahrzeugtechnik.de\/#organization"},"potentialAction":[{"@type":"SearchAction","target":{"@type":"EntryPoint","urlTemplate":"https:\/\/leeser-fahrzeugtechnik.de\/?s={search_term_string}"},"query-input":{"@type":"PropertyValueSpecification","valueRequired":true,"valueName":"search_term_string"}}],"inLanguage":"de"},{"@type":"Organization","@id":"https:\/\/leeser-fahrzeugtechnik.de\/#organization","name":"R. Leeser Fahrzeugtechnik","url":"https:\/\/leeser-fahrzeugtechnik.de\/","logo":{"@type":"ImageObject","inLanguage":"de","@id":"https:\/\/leeser-fahrzeugtechnik.de\/#\/schema\/logo\/image\/","url":"https:\/\/leeser-fahrzeugtechnik.de\/wp-content\/uploads\/2022\/09\/logo_leeser-transparent-5.png","contentUrl":"https:\/\/leeser-fahrzeugtechnik.de\/wp-content\/uploads\/2022\/09\/logo_leeser-transparent-5.png","width":142,"height":52,"caption":"R. Leeser Fahrzeugtechnik"},"image":{"@id":"https:\/\/leeser-fahrzeugtechnik.de\/#\/schema\/logo\/image\/"}}]}},"_links":{"self":[{"href":"https:\/\/leeser-fahrzeugtechnik.de\/index.php\/wp-json\/wp\/v2\/pages\/44","targetHints":{"allow":["GET"]}}],"collection":[{"href":"https:\/\/leeser-fahrzeugtechnik.de\/index.php\/wp-json\/wp\/v2\/pages"}],"about":[{"href":"https:\/\/leeser-fahrzeugtechnik.de\/index.php\/wp-json\/wp\/v2\/types\/page"}],"author":[{"embeddable":true,"href":"https:\/\/leeser-fahrzeugtechnik.de\/index.php\/wp-json\/wp\/v2\/users\/1"}],"replies":[{"embeddable":true,"href":"https:\/\/leeser-fahrzeugtechnik.de\/index.php\/wp-json\/wp\/v2\/comments?post=44"}],"version-history":[{"count":121,"href":"https:\/\/leeser-fahrzeugtechnik.de\/index.php\/wp-json\/wp\/v2\/pages\/44\/revisions"}],"predecessor-version":[{"id":1401,"href":"https:\/\/leeser-fahrzeugtechnik.de\/index.php\/wp-json\/wp\/v2\/pages\/44\/revisions\/1401"}],"wp:attachment":[{"href":"https:\/\/leeser-fahrzeugtechnik.de\/index.php\/wp-json\/wp\/v2\/media?parent=44"}],"curies":[{"name":"wp","href":"https:\/\/api.w.org\/{rel}","templated":true}]}}